{"id":6,"date":"2016-09-17T17:54:33","date_gmt":"2016-09-17T15:54:33","guid":{"rendered":"http:\/\/le-cafe-de-reims.fr\/?page_id=6"},"modified":"2022-01-26T16:33:18","modified_gmt":"2022-01-26T15:33:18","slug":"cafe-de-reims-demenageur-demenagement-visa-chine-visa-inde-visa-vietnam-visa-russie-croisiere-safari-afrique-garde-meubles","status":"publish","type":"page","link":"https:\/\/le-cafe-de-reims.fr\/","title":{"rendered":"Caf\u00e9 de Reims"},"content":{"rendered":"<h2>Pr\u00e9sentation du caf\u00e9 de Reims<\/h2>\n<p><img loading=\"lazy\" class=\"alignnone size-medium wp-image-14\" src=\"https:\/\/le-cafe-de-reims.fr\/wp-content\/uploads\/2016\/09\/6-1.jpeg-300x154.jpg\" alt=\"6-1.jpeg\" width=\"300\" height=\"154\" srcset=\"https:\/\/le-cafe-de-reims.fr\/wp-content\/uploads\/2016\/09\/6-1.jpeg-300x154.jpg 300w, https:\/\/le-cafe-de-reims.fr\/wp-content\/uploads\/2016\/09\/6-1.jpeg.jpg 314w\" sizes=\"(max-width: 300px) 100vw, 300px\" \/><\/p>\n<p>Situ\u00e9 dans la commune de Reims, le caf\u00e9 de Reims est reconnu pour son menu exclusivement traditionnel. Ce caf\u00e9 est install\u00e9 dans une commune class\u00e9e parmi les plus peupl\u00e9es en France. Authenticit\u00e9, go\u00fbt et convivialit\u00e9, le Caf\u00e9 de Reims propose \u00e0 ses clients des menus traditionnels tant au niveau des boissons que sur les menus gastronomiques. Les adeptes de la gastronomie fran\u00e7aise pourront r\u00e9server des tables du mardi au lundi pour d\u00e9guster aux d\u00e9lices minutieusement concoct\u00e9s par le chef du restaurant. Le restaurant reste l\u2019id\u00e9al pour les d\u00eeners en famille dans un cadre compl\u00e8tement traditionnel.<\/p>\n<h2>Informations g\u00e9n\u00e9rales sur le d\u00e9m\u00e9nagement<\/h2>\n<p>Faire appel \u00e0 un d\u00e9m\u00e9nageur <a href=\"http:\/\/demenageur.com\">demenageur.com<\/a> est la premi\u00e8re t\u00e2che \u00e0 faire lors d\u2019un d\u00e9m\u00e9nagement. En effet, le professionnel propose de multiples services pour faciliter le d\u00e9m\u00e9nagement. Ainsi, le transfert des biens particuliers des concern\u00e9s sera garanti par les \u00e9quipes de d\u00e9m\u00e9nageur tout en \u00e9vitant les divers risques lors du d\u00e9placement. Les d\u00e9m\u00e9nageurs restent \u00e9galement prudents pour le transport des objets fragiles. De nombreuses soci\u00e9t\u00e9s de d\u00e9m\u00e9nagement offrent de diff\u00e9rentes formules variant g\u00e9n\u00e9ralement selon la qualit\u00e9 de service et la quantit\u00e9 des biens des particuliers. Le groupe figure parmi les \u00e9quipes de d\u00e9m\u00e9nageurs proposant des prix battant toute concurrence en termes de d\u00e9m\u00e9nagement. D\u2019ailleurs, un devis de d\u00e9m\u00e9nagement est offert aux particuliers afin de les donner une aper\u00e7ue sur les \u00e9ventuels co\u00fbts des op\u00e9rations. Le groupe propose \u00e9galement un garde meubles pour les clients qui tiennent \u00e0 quitter leur logement.<\/p>\n<h2>Informations sur assurance vie<\/h2>\n<p>Assurance vie\u00a0est un placement financier ayant pour but de garantie le versement d\u2019une comme dans le cas o\u00f9 l\u2019assur\u00e9 est expos\u00e9 \u00e0 des soucis comme une maladie. En effet, cette somme ne pourra \u00eatre encaiss\u00e9e que si un \u00e9v\u00e8nement li\u00e9 \u00e0 l\u2019assur\u00e9 survient notamment sa mort ou sa survie. Cependant, une assurance vie ne doit pas \u00eatre confondue avec une assurance d\u00e9c\u00e8s qui est vers\u00e9e dans le seul cas ou l\u2019assur\u00e9 est mort. D\u2019ailleurs, une assurance vie se d\u00e9finit \u00e9galement par un contrat d\u00e9clarant l\u2019engagement d\u2019un assureur. Pour se souscrire \u00e0 ces contrats d\u2019assurance, les particuliers pourront faire appel \u00e0 des professionnels en la mati\u00e8re. Par ailleurs, gr\u00e2ce \u00e0 internet, les int\u00e9ress\u00e9s auront l\u2019occasion d\u2019opter pour les souscriptions en ligne par le biais des sites d\u00e9di\u00e9s \u00e0 cela.<\/p>\n<h2>Informations g\u00e9n\u00e9rales sur les visas pour l\u2019\u00e9tranger<\/h2>\n<p>Le visa est un document administratif permettant de circuler librement dans un pays \u00e9tranger. En effet, pour un voyage vers l\u2019\u00e9tranger, le visa et le passeport sont les documents indispensables. Pour les voyages dans un pays d\u2019Europe, les vacanciers fran\u00e7ais n\u2019auront pas forc\u00e9ment besoin d\u2019un visa comme pour un s\u00e9jour en Suisse. Pour se procurer des visas, les concern\u00e9s devront d\u00e9poser des demandes dans les ambassades respectives des pays \u00e9trangers que ce soit pour un visa chine, un visa russie , un visa inde ou encore un visa vietnam. D\u2019ailleurs, la dur\u00e9e des proc\u00e9dures d\u00e9pend surtout de l\u2019ambassade \u00e9trang\u00e8re.<\/p>\n<h2>Information sur les croisi\u00e8res<\/h2>\n<p>Les travers\u00e9es maritimes font partie des activit\u00e9s pr\u00e9f\u00e9r\u00e9es des adeptes du tourisme. Effectivement, les croisi\u00e8res permettent aux touristes de d\u00e9couvrir des cultures et surtout des paysages splendides. D\u2019ailleurs, les compagnies maritimes proposant des itin\u00e9raires \u00e0 travers les mers et les oc\u00e9ans du monde. En choisissant une croisi\u00e8re\u00a0sur le canal de la Marne de Paris \u00e0 \u00c9pernay, les croisi\u00e9ristes auront de visiter la ville de Reims. Par ailleurs, d\u2019autres itin\u00e9raires sont disponibles sur les sites des compagnies maritimes. Pour garantir la satisfaction des croisi\u00e9ristes, les compagnies misent sur la qualit\u00e9 des services et le confort de chaque vacancier. Les travers\u00e9es maritimes restent une activit\u00e9 touristique assez co\u00fbteuse, mais s\u2019av\u00e8rent \u00eatre divertissantes et enrichissantes.<\/p>\n","protected":false},"excerpt":{"rendered":"<p>Pr\u00e9sentation du caf\u00e9 de Reims Situ\u00e9 dans la commune de Reims, le caf\u00e9 de Reims est reconnu pour son menu exclusivement traditionnel. Ce caf\u00e9 est install\u00e9 dans une commune class\u00e9e parmi les plus peupl\u00e9es en[&#8230;]<\/p>\n","protected":false},"author":1,"featured_media":0,"parent":0,"menu_order":0,"comment_status":"closed","ping_status":"closed","template":"","meta":[],"_links":{"self":[{"href":"https:\/\/le-cafe-de-reims.fr\/index.php\/wp-json\/wp\/v2\/pages\/6"}],"collection":[{"href":"https:\/\/le-cafe-de-reims.fr\/index.php\/wp-json\/wp\/v2\/pages"}],"about":[{"href":"https:\/\/le-cafe-de-reims.fr\/index.php\/wp-json\/wp\/v2\/types\/page"}],"author":[{"embeddable":true,"href":"https:\/\/le-cafe-de-reims.fr\/index.php\/wp-json\/wp\/v2\/users\/1"}],"replies":[{"embeddable":true,"href":"https:\/\/le-cafe-de-reims.fr\/index.php\/wp-json\/wp\/v2\/comments?post=6"}],"version-history":[{"count":9,"href":"https:\/\/le-cafe-de-reims.fr\/index.php\/wp-json\/wp\/v2\/pages\/6\/revisions"}],"predecessor-version":[{"id":24,"href":"https:\/\/le-cafe-de-reims.fr\/index.php\/wp-json\/wp\/v2\/pages\/6\/revisions\/24"}],"wp:attachment":[{"href":"https:\/\/le-cafe-de-reims.fr\/index.php\/wp-json\/wp\/v2\/media?parent=6"}],"curies":[{"name":"wp","href":"https:\/\/api.w.org\/{rel}","templated":true}]}}